{"id":12595,"date":"2021-02-16T11:28:58","date_gmt":"2021-02-16T13:28:58","guid":{"rendered":"http:\/\/projetocineb.com.br\/?page_id=12595"},"modified":"2023-05-15T15:33:18","modified_gmt":"2023-05-15T18:33:18","slug":"sessoes-realizadas-em-2020","status":"publish","type":"page","link":"https:\/\/projetocineb.com.br\/?page_id=12595","title":{"rendered":"Confira as sess\u00f5es realizadas em 2020"},"content":{"rendered":"<p>CINEMA BRASILEIRO NA UNI\u00c3O DE VILA NOVA<br \/>\nDIA: 31 de JANEIRO \u2013sexta-feira &#8211; 19h<br \/>\nLOCAL: PROCEDU- PROJETO CULTURAL EDUCACIONAL NOVO PANTANAL<br \/>\nENDERE\u00c7O: Rua Rio Boa Esperan\u00e7a, 713 \u2013 Uni\u00e3o de Vila Nova, S\u00e3o Paulo<br \/>\nRETIRADA DE CONVITES : na recep\u00e7\u00e3o do PROCEDU<br \/>\nINFORMA\u00c7\u00d5ES: e-mail : producaocineb@brazucah.com.br<\/p>\n<p>CINEMA BRASILEIRO NO JARDIM RIVIERA<br \/>\nDIA: 14 de FEVEREIRO \u2013sexta-feira &#8211; 19h<br \/>\nLOCAL: CENTRO DE FORMA\u00c7\u00c3O E RECREA\u00c7\u00c3O S\u00c3O JOSE<br \/>\nENDERE\u00c7O: Estrada da Riviera,4624<br \/>\nRETIRADA DE CONVITES : Ingrid ou Karen- 5517-6040<br \/>\nINFORMA\u00c7\u00d5ES: e-mail : producaocineb@brazucah.com.br<\/p>\n<p>CINEMA BRASILEIRO NO JARDIM ELIANE<br \/>\nDIA: 27 de FEVEREIRO \u2013 QUINTA- FEIRA &#8211; 19h<br \/>\nLOCAL: CCA JUNTOS I<br \/>\nENDERE\u00c7O: Rua Ibacuri, 72 \u2013 Jd Eliane<br \/>\nRETIRADA DE CONVITES : na secretaria da Ong com Telma<br \/>\nINFORMA\u00c7\u00d5ES: e-mail : producaocineb@brazucah.com.br<\/p>\n<p>CINEMA BRASILEIRO NO JARDIM COIMBRA<br \/>\nDIA: 28 de FEVEREIRO \u2013 SEXTA- feira &#8211; 19h<br \/>\nLOCAL: EMEF DONA JENNY GOMES<br \/>\nENDERE\u00c7O: Rua John Neper,109 \u2013 Jd Coimbra<br \/>\nRETIRADA DE CONVITES : na secretaria da escola ou com a Coordena\u00e7\u00e3o<br \/>\nINFORMA\u00c7\u00d5ES: e-mail : producaocineb@brazucah.com.br<\/p>\n<p>CINEMA BRASILEIRO NA BARRAGEM &#8211; ao ar livre<br \/>\nDIA: 29 de FEVEREIRO \u2013 s\u00e1bado &#8211; 19h<br \/>\nLOCAL: terreno do \u00d4nibus biblioteca<br \/>\nENDERE\u00c7O: Rua Dois \u2013 Bairro Barragem<br \/>\nRETIRADA DE CONVITES : No \u00f4nibus biblioteca<br \/>\nINFORMA\u00c7\u00d5ES: e-mail : producaocineb@brazucah.com.br<\/p>\n<p>CINEMA BRASILEIRO NO JARDIM GISMAR<br \/>\nDIA: 11 de mar\u00e7o- QUARTA \u2013Feira-19h<br \/>\nLOCAL: E.E.PROFESSOR LEOPOLDO SANTANA &#8211;<br \/>\nENDERE\u00c7O: R.Manoel Duarte Oliveira,151- JD GISMAR<br \/>\nREFER\u00caNCIA:Perto Mercado Barbosa\/ pr\u00f3ximo metr\u00f4 Cap\u00e3o Redondo<br \/>\nRETIRADA DE CONVITES : na secretaria da escola<br \/>\nINFORMA\u00c7\u00d5ES: e-mail : producaocineb@brazucah.com.br<\/p>\n<p>CINEMA BRASILEIRO NO JD HERCULANO<br \/>\nDIA: 14 de mar\u00e7o \u2013 s\u00e1bado &#8211; 19h<br \/>\nLOCAL: C.C.A. Nossa Senhora de F\u00e1tima<br \/>\nENDERE\u00c7O: Rua Ignacio limas,14 \u2013Jd Herculano<br \/>\nRETIRADA DE CONVITES : NO CCA<br \/>\nINFORMA\u00c7\u00d5ES: e-mail : producaocineb@brazucah.com.br<\/p>\n<p>CineB Solar na janela:<br \/>\nCINEMA BRASILEIRO NO JD SALETE<br \/>\nFILME: PANDEMIA DO SISTEMADIA:<br \/>\n29.08 &#8211; s\u00e1bado &#8211; 19h<br \/>\nLOCAL:\u00a0 Condom\u00ednio\u00a0 \u00a0Jo\u00e3o c\u00e2ndido<br \/>\nENDERE\u00c7O: Rua Reinaldo da Silva , 31- Jd Salete- Tabo\u00e3o da Serra<\/p>\n<p>CINEMA BRASILEIRO NO JD BELCITO<br \/>\nFILME: PANDEMIA DO SISTEMA<br \/>\n12.09- s\u00e1bado &#8211; 19h<br \/>\nLOCAL:\u00a0 Condom\u00ednio Residencial Quito<br \/>\nENDERE\u00c7O: Rua Am\u00e9rica do Sul,447- Jd Belcito- SP-CEP: 04855-258<\/p>\n<p>CINEMA BRASILEIRO NO JD ICARA\u00cd<br \/>\nFILME: CURTAS METRAGENS NACIONAIS E INTERNACIONAISDIA:<br \/>\n17 .10- s\u00e1bado- 19h<br \/>\nLOCAL:\u00a0 Campo de futebol<br \/>\nENDERE\u00c7O: Rua Jos\u00e9 Flaviano Costa, 2015-Jd Icara\u00ed<\/p>\n<p>CINEMA BRASILEIRO NA COOPERATIVA<br \/>\nFILME: CURTAS METRAGENS NACIONAIS E INTERNACIONAISDIA:<br \/>\n18.10- Sexta-feira &#8211; 19h<br \/>\nLOCAL: No estacionamento do Conjunto habitacional Nelson Mandela<br \/>\nENDERE\u00c7O: Rua Venceslau Pereira de Sousa 280. Bairro Cooperativa. S\u00e3o Bernardo do Campo<\/p>\n<p>CINEMA BRASILEIRO EM S\u00c3O MATEUS<br \/>\nFILME: CURTAS METRAGENS NACIONAIS E INTERNACIONAIS<br \/>\n24 .10- s\u00e1bado- 19h<br \/>\nLOCAL:\u00a0 Condom\u00ednio Luci Valente<br \/>\nENDERE\u00c7O: Rua Jo\u00e3o Carlos Ferreira 525, Parque Boa Esperan\u00e7a &#8211; S\u00e3o Matheus<\/p>\n<p>CINEMA BRASILEIRO NA COOPERATIVAFILME: CURTAS METRAGENS NACIONAIS E INTERNACIONAIS<br \/>\n07.11- S\u00e1bado\u00a0 &#8211; 19h<br \/>\nLOCAL: No estacionamento do Conjunto habitacional FREI TITO<br \/>\nENDERE\u00c7O: Rua Venceslau Pereira de Sousa 300. Bairro Cooperativa. S\u00e3o Bernardo do Campo<\/p>\n<p>CINEMA BRASILEIRO EM S\u00c3O BERNARDO DO CAMPO<br \/>\nFILME: CURTAS METRAGENS NACIONAIS E INTERNACIONAIS<br \/>\n05.12- S\u00e1bado\u00a0 &#8211; 19h<br \/>\nLOCAL: No estacionamento do Conjunto habitacional FREI TITO<br \/>\nENDERE\u00c7O: Rua Venceslau Pereira de Sousa 300. Bairro Cooperativa. S\u00e3o Bernardo do Campo<\/p>\n<p>Cineb Autorama:<br \/>\nDias: 17\/09 (quinta feira) 18\/09 (sexta feira) 19\/09 (S\u00e1bado)<br \/>\nLocal: Espa\u00e7o Feira Confinada<br \/>\nEndere\u00e7o: Rua dos Trilhos, 869, Mooca &#8211; S\u00e3o Paulo<\/p>\n<p>Cineb On-Line:<br \/>\n22 DE SETEMBRO- filme: PRETO NO BRANCO<br \/>\n18 de NOVEMBRO- filme: PANDEMIA DO SISTEMA<br \/>\n22 DE NOVEMBRO- filme: SHOW DE TALENTOS VIRTUAL<\/p>\n","protected":false},"excerpt":{"rendered":"<p>CINEMA BRASILEIRO NA UNI\u00c3O DE VILA NOVA DIA: 31 de JANEIRO \u2013sexta-feira &#8211; 19h LOCAL: PROCEDU- PROJETO CULTURAL EDUCACIONAL NOVO[&#8230;]<\/p>\n","protected":false},"author":2,"featured_media":0,"parent":0,"menu_order":0,"comment_status":"closed","ping_status":"closed","template":"","meta":[],"_links":{"self":[{"href":"https:\/\/projetocineb.com.br\/index.php?rest_route=\/wp\/v2\/pages\/12595"}],"collection":[{"href":"https:\/\/projetocineb.com.br\/index.php?rest_route=\/wp\/v2\/pages"}],"about":[{"href":"https:\/\/projetocineb.com.br\/index.php?rest_route=\/wp\/v2\/types\/page"}],"author":[{"embeddable":true,"href":"https:\/\/projetocineb.com.br\/index.php?rest_route=\/wp\/v2\/users\/2"}],"replies":[{"embeddable":true,"href":"https:\/\/projetocineb.com.br\/index.php?rest_route=%2Fwp%2Fv2%2Fcomments&post=12595"}],"version-history":[{"count":1,"href":"https:\/\/projetocineb.com.br\/index.php?rest_route=\/wp\/v2\/pages\/12595\/revisions"}],"predecessor-version":[{"id":19435,"href":"https:\/\/projetocineb.com.br\/index.php?rest_route=\/wp\/v2\/pages\/12595\/revisions\/19435"}],"wp:attachment":[{"href":"https:\/\/projetocineb.com.br\/index.php?rest_route=%2Fwp%2Fv2%2Fmedia&parent=12595"}],"curies":[{"name":"wp","href":"https:\/\/api.w.org\/{rel}","templated":true}]}}