{"id":20632,"date":"2023-12-14T21:53:58","date_gmt":"2023-12-15T00:53:58","guid":{"rendered":"https:\/\/projetocineb.com.br\/?page_id=20632"},"modified":"2023-12-15T20:37:02","modified_gmt":"2023-12-15T23:37:02","slug":"confira-as-sessoes-realizadas-em-2023","status":"publish","type":"page","link":"https:\/\/projetocineb.com.br\/?page_id=20632","title":{"rendered":"CONFIRA AS SESS\u00d5ES REALIZADAS EM 2021"},"content":{"rendered":"\n<p><\/p>\n\n\n\n<p><strong>CINEMA BRASILEIRO NO RESIDENCIAL FRANCA<\/strong><strong>(CineB Solar na Janela)<\/strong><\/p>\n\n\n\n<p>DIA:&nbsp; 19 DE FEVEREIRO- SEXTA-FEIRA &#8211; 19h<br>LOCAL: Condom\u00ednio Residencial Franca<br>ENDERE\u00c7O:Av Engenheiro Heitor Antonio Eiras Garcia,7.443<\/p>\n\n\n\n<p><strong>CINEMA BRASILEIRO NO CONDOM\u00cdNIO RESIDENCIAL DOM&nbsp; LUCIANO <\/strong><strong>(CineB Solar na Janela)<\/strong><\/p>\n\n\n\n<p>DIA: &nbsp;26 DE FEVEREIRO- SEXTA FEIRA &#8211; 19h<br>LOCAL: Condom\u00ednio Residencial Dom Luciano<br>ENDERE\u00c7O: Rua Alexandre groppali 337 fazenda da juta SP bloco A<\/p>\n\n\n\n<p><strong>CINEMA BRASILEIRO NO CONDOM\u00cdNIO RESIDENCIAL DOM LUCIANO(CineB Solar na Janela)<\/strong><\/p>\n\n\n\n<p>DIA:\u00a0 27 DE FEVEREIRO- S\u00c1BADO &#8211; 19h<br>LOCAL: Condom\u00ednio Residencial Dom Luciano\u2013 bloco B<br>ENDERE\u00c7O:Rua Alexandre Groppali, 100\/337<\/p>\n\n\n\n<p><strong>CINEB SOLAR NA JANELA: CINEMA BRASILEIRO NO RESIDENCIAL FRANCA<\/strong><strong>(CineB Solar na Janela)<\/strong><\/p>\n\n\n\n<p>DIA: 12 DE JUNHO \u2013 S\u00c1BADO &nbsp;\u2013 18h<br>LOCAL: Condom\u00ednio Residencial Franca<br>ENDERE\u00c7O:Av Engenheiro Heitor Antonio Eiras Garcia,7.443<\/p>\n\n\n\n<p><strong>CINEB SOLAR NA JANELA : CINEMA BRASILEIRO NO CONDOM\u00cdNIO NOVO MIL\u00caNIO<\/strong><strong>(CineB Solar na Janela)<\/strong><\/p>\n\n\n\n<p>DIA: 18 DE JUNHO- sexta-feira-\u00c0S &nbsp;&nbsp;18h<br>LOCAL: estacionamento do Condom\u00ednio Novo Mil\u00eanio<br>ENDERE\u00c7O: Rua Alexandre Groppali, &nbsp;125, Fazenda da Juta, zona leste, &nbsp;sp<\/p>\n\n\n\n<p><strong>CINEMA NA JANELA NO CONDOM\u00cdNIO VILLAGIO <\/strong><strong>(CineB Solar na Janela)<\/strong><\/p>\n\n\n\n<p>DIA 21 DE AGOSTO S\u00c1BADO 19HS<\/p>\n\n\n\n<p>LOCAL : condom\u00ednio Villagio&nbsp;<\/p>\n\n\n\n<p>&nbsp;ENDERE\u00c7O: RUA Cimb\u00eddio, 60 Jardim Sapopemba, Zona Leste, sp<\/p>\n\n\n\n<p>CONVITES SER\u00c3O&nbsp; ENTREGUES PELA ADMINISTRA\u00c7\u00c3O DO CONDOM\u00cdNIO&nbsp;&nbsp;<\/p>\n\n\n\n<p><strong>CINEMA NA JANELA NO CONDOM\u00cdNIO DOM LUCIANO <\/strong><strong>(CineB Solar na Janela)<\/strong><\/p>\n\n\n\n<p>LOCAL : Condom\u00ednio Residencial Dom Luciano BLOCO D<\/p>\n\n\n\n<p>DATA: 27 DE AGOSTO &#8211; SEXTA-FEIRA 19HS<\/p>\n\n\n\n<p>ENDERE\u00c7O :&nbsp;Andr\u00e9 thevet 201 fazenda da juta<\/p>\n\n\n\n<p>CONVITES : Ser\u00e1 entregue pela administra\u00e7\u00e3o do condom\u00ednio&nbsp;&nbsp;<\/p>\n\n\n\n<p><strong>CINEMA BRASILEIRO NA QUADRA DOS BANC\u00c1RIOS<\/strong><strong><br><\/strong>DIA: 03 de DEZEMBRO &nbsp;&#8211; SEXTA \u2013 feira &#8211; 19h<br>LOCAL: QUADRA DOS BANC\u00c1RIOS DE SP<br>ENDERE\u00c7O: Rua TABATINGUERA, 192- CENTRO -SP<br>CONVITES : email: producaocineb@<a href=\"mailto:cynthia@brazucah.com.br\">brazucah.com.br<\/a><\/p>\n\n\n\n<p><strong>CINEMA BRASILEIRO EM S\u00c3O MATEUS<\/strong><\/p>\n\n\n\n<p>Dia 11 de dezembro &#8211; S\u00e1bado &#8211; 19h&nbsp;<br>Local : &nbsp;Rua Vitaliano Roteline&nbsp;N 100&nbsp;, S\u00e3o Mateus&nbsp;<br>Endere\u00e7o : Rua C\u00f4nego Jos\u00e9 Maria Fernandes 127c \/ 128 S\u00e3o Mateus em Movimento&nbsp;<\/p>\n\n\n\n<p>Retirada de convites : falar com Negotinho&nbsp;<\/p>\n\n\n\n<p><strong>CINEMA BRASILEIRO EM ITAPECERICA DA SERRA<\/strong><br><br>DIA: 18 de DEZEMBRO &nbsp;&#8211; S\u00c1BADO &#8211; 19h<br>LOCAL: Espa\u00e7o Sociocultural e Esportivo &#8211; \u00c9 Tudo Nosso<br>ENDERE\u00c7O: Rua Aristides Pires de Andrade, 92 \u2013 JD das Oliveiras- Itapecerica Da Serra\/SP<br>CONVITES : (falar com Martha Gaud\u00eancio da Silva<\/p>\n","protected":false},"excerpt":{"rendered":"<p>CINEMA BRASILEIRO NO RESIDENCIAL FRANCA(CineB Solar na Janela) DIA:&nbsp; 19 DE FEVEREIRO- SEXTA-FEIRA &#8211; 19hLOCAL: Condom\u00ednio Residencial FrancaENDERE\u00c7O:Av Engenheiro Heitor[&#8230;]<\/p>\n","protected":false},"author":4,"featured_media":0,"parent":0,"menu_order":0,"comment_status":"closed","ping_status":"closed","template":"","meta":[],"_links":{"self":[{"href":"https:\/\/projetocineb.com.br\/index.php?rest_route=\/wp\/v2\/pages\/20632"}],"collection":[{"href":"https:\/\/projetocineb.com.br\/index.php?rest_route=\/wp\/v2\/pages"}],"about":[{"href":"https:\/\/projetocineb.com.br\/index.php?rest_route=\/wp\/v2\/types\/page"}],"author":[{"embeddable":true,"href":"https:\/\/projetocineb.com.br\/index.php?rest_route=\/wp\/v2\/users\/4"}],"replies":[{"embeddable":true,"href":"https:\/\/projetocineb.com.br\/index.php?rest_route=%2Fwp%2Fv2%2Fcomments&post=20632"}],"version-history":[{"count":2,"href":"https:\/\/projetocineb.com.br\/index.php?rest_route=\/wp\/v2\/pages\/20632\/revisions"}],"predecessor-version":[{"id":20637,"href":"https:\/\/projetocineb.com.br\/index.php?rest_route=\/wp\/v2\/pages\/20632\/revisions\/20637"}],"wp:attachment":[{"href":"https:\/\/projetocineb.com.br\/index.php?rest_route=%2Fwp%2Fv2%2Fmedia&parent=20632"}],"curies":[{"name":"wp","href":"https:\/\/api.w.org\/{rel}","templated":true}]}}