{"id":20638,"date":"2023-12-15T20:42:55","date_gmt":"2023-12-15T23:42:55","guid":{"rendered":"https:\/\/projetocineb.com.br\/?page_id=20638"},"modified":"2025-09-22T22:05:33","modified_gmt":"2025-09-23T01:05:33","slug":"confira-as-sessoes-realizadas-em-2022","status":"publish","type":"page","link":"https:\/\/projetocineb.com.br\/?page_id=20638","title":{"rendered":"Confira as sess\u00f5es realizadas em 2022"},"content":{"rendered":"\n<p><\/p>\n\n\n\n<h3>CINEMA BRASILEIRO NO JA\u00c7AN\u00c3<\/h3>\n\n\n\n<p>DIA: 17 DE DEZEMBRO \u2013SABADO \u2013 \u00c0S 18H<br>LOCAL: Comunidade Nossa Senhora da Salette<br>ENDERE\u00c7O: Rua Igarap\u00e9 progresso 71 Jardim Filhos da terra, jacana<br>RETIRADA DE CONVITES :<br>Retirada de convites na comunidade sexta das 19h30 \u00e0s 21h Domingo 9h \u00e0s 11h<\/p>\n\n\n\n<h3>CINEMA BRASILEIRO NO JARDIM PLANALTO<\/h3>\n\n\n\n<p>DIA: 16 DE DEZEMBRO \u2013 SEXTA FEIRA \u2013 \u00c0S 18H<br>LOCAL : NA QUADRA MULEQUE TRAVESSO<br>ENDERE\u00c7O: RUA ITAU\u00c7U-PARQUE SANTA MADALENA<br>RETIRADA DE CONVITES: COM Z\u00c9 MOLEQUE e DONA ZEZ\u00c9<\/p>\n\n\n\n<h3>CINEMA BRASILEIRO NO JARDIM CELESTE<\/h3>\n\n\n\n<p>DIA: 27 DE NOVEMBRO 18 HS DOMINGO<br>LOCAL: ASSOCIA\u00c7\u00c3O DOS MOVIMENTOS DE MORADIA DA REGI\u00c3O SUDESTE<br>ENDERE\u00c7O: Rua Maramores,36 \u2013 Jd S\u00e3o Saverio<br>RETIRADA DE CONVITES: Falara com Gra\u00e7a Xavier ou F\u00e1tima dos Santos<\/p>\n\n\n\n<h3>CINEMA BRASILEIRO NO JARDIM VELOSO<\/h3>\n\n\n\n<p>DIA:23 DE OUTUBRO \u2013 DOMINGO \u00e0s 19H<br>LOCAL: BQ<br>ENDERE\u00c7O :Rua Domingos Ferreira de Moura, n 01 \u2013 Jd Veloso<br>RETIRARA DE CONVITES: com Ana Pina, Vlaskes, Gilvan<\/p>\n\n\n\n<h3>CINEMA BRASILEIRO NANOSSA SENHORA DO CARMO \u2013 ao ar livre<\/h3>\n\n\n\n<p>DIA:21 DE SETEMBRO \u2013 QUARTA-FEIRA \u2013 \u00c0S 19H<br>LOCAL: Comunidade Savoizinho<br>ENDERE\u00c7O:: Joaquim Meira de Siqueira, Altura do n\u00famero, 619<br>RETIRADA DE CONVITES :Com Pastor Kilton<\/p>\n\n\n\n<h3>CINEMA BRASILEIRO NA PENHA<\/h3>\n\n\n\n<p>DIA:19 DE SETEMBRO \u2013 SEGUNDA-FEIRA- \u00e0s 19H<br>LOCAL: Projeto Unidos para o Bem<br>ENDERE\u00c7O : Rua Natal Basile, 2.118- Penha<br>RETIRARA DE CONVITES:<\/p>\n\n\n\n<h3>CINEMA BRASILEIRO NO S\u00c3O MATEUS<\/h3>\n\n\n\n<p>DIA:15 DE SETEMBRO \u2013 QUINTA-FEIRA \u2013 \u00e0s 19H<br>LOCAL: CONDOMINIO FORTE DA RIBEIRA<br>ENDERE\u00c7O : RUA FORTE DA RIBEIRA, 200<br>RETIRARA DE CONVITES: com Rafaela e Adriana<\/p>\n\n\n\n<h3>CINEMA BRASILEIRO EM PARELHEIROS E VARGEM GRANDE \u2013 AO AR LIVRE<\/h3>\n\n\n\n<p>DIA: 10 DE SETEMBRO \u2013 S\u00c1BADO \u2013 \u00c0S 19H<br>LOCAL : Rua Ip\u00ea Roxo<br>ENDERE\u00c7O: RUA IP\u00ca ROXO, antiga rua 17<br>ENTIDADES: TORCIDA INDEPENDENTE PARELHEIROS<br>RETIRADA DE CONVITES: BAR DO DUD\u00c9 \u2013 NA AV. DAS PALMEIRAS, 56<\/p>\n\n\n\n<h3>CINEMA BRASILEIRO NO JARDIM CELESTE<\/h3>\n\n\n\n<p>DIA:09 DE setembro \u2013 Sexta-feira \u00e0s 19H<br>LOCAL: Associa\u00e7\u00e3o Comunit\u00e1ria Amigos do Gelo<br>ENDERE\u00c7O :Rua Sebasti\u00e3o anunciaTTo 341-jd celeste \u2013 Campo do Celeste<br>RETIRARA DE CONVITES: FALAR COM GORETE<\/p>\n\n\n\n<h3>CINEMA BRASILEIRO NA VILA RICA<\/h3>\n\n\n\n<p>DIA : 08 DE SETEMBRO. \u2013QUINTA- FEIRA 19HS<br>LOCAL : Sociedade Amigos da Vila Rica<br>ENDERE\u00c7O: Rua Jo\u00e3o Batista Lima 47<br>Retirada de Convites: Falar com Bia Moreno<\/p>\n\n\n\n<h3>CINEMA BRASILEIRO EM S\u00c3O BERNARDO DO CAMPO<\/h3>\n\n\n\n<p>DIA: 05DE SETEMBRO \u2013 SEGUNDA-FEIRA \u2013 \u00c0S 19H<br>LOCAL : CONDOMINIO NOVO JARDIM REGINA<br>ENDERE\u00c7O: RUA TIRADENTES, 2178- MONTANH\u00c3O<br>RETIRADA DE CONVITES:falar com EDNALDO- Sindico Geral<\/p>\n\n\n\n<h3>CINEMA BRASILEIRO NO JARDIM PLANALTO<\/h3>\n\n\n\n<p>DIA:03 DE SETEMBRO \u2013 S\u00c1BADO \u2013 \u00c0S 19H<br>LOCAL : NA QUADRA MULEQUE TRAVESSO<br>ENDERE\u00c7O: RUA ITAU\u00c7U-PARQUE SANTA MADALENA<br>RETIRADA DE CONVITES:COM Z\u00c9 MOLEQUE e DONA ZEZ\u00c9<\/p>\n\n\n\n<h3>CINEMA BRASILEIRO NO JAGUAR\u00c9<\/h3>\n\n\n\n<p>DIA:02 DE SETEMBRO \u2013 SEXTA-FEIRA \u2013 \u00c0S 19H<br>LOCAL: Unidos da Bar\u00e3o Futsal<br>ENDERE\u00c7O:Rua Bar\u00e3o de antonina s\/n(dentro dos pr\u00e9dios) na quadra poliesportiva<br>RETIRADA DE CONVITES :Nathan e Pedro<\/p>\n\n\n\n<h3>CINEMA BRASILEIRO NA BARRAGEM<\/h3>\n\n\n\n<p>DIA:30 DE agosto \u2013 ter\u00e7a- feira \u00e0s 19H<br>LOCAL: Escola Estadual Professor Joaquim \u00c1lvares Cruz<br>ENDERE\u00c7O :Rua Dois \u2013 Bairro da Barragem , Zona Sul<br>PONTO DE REFER\u00caNCIA:Rua atr\u00e1s do ponto final do \u00f4nibus Barragem<br>RETIRARA DE CONVITES: :na secretaria da escola<\/p>\n\n\n\n<h3>CINEMA BRASILEIRO NO JA\u00c7AN\u00c3<\/h3>\n\n\n\n<p>DIA:29 DE agosto \u2013segunda feira \u2013 \u00c0S 19H<br>LOCAL: Comunidade Nossa Senhora da Salette<br>ENDERE\u00c7O:Rua Igarap\u00e9 progresso 71 Jardim Filhos da terra, jacana<br>RETIRADA DE CONVITES :Na Secretaria dias sexta feira das 19h \u00e0s 20h<\/p>\n\n\n\n<h3>CINEMA BRASILEIRO NO Centro Universit\u00e1rio das Am\u00e9ricas \u2013 FAM<\/h3>\n\n\n\n<p>DIA 25 DE AGOSTO \u2013 QUINTA-FEIRA 19HS<br>LOCAL :No audit\u00f3rio da Unidade da Rua Augusta, 973.<br>RETIRADA DE CONVITES : Os convites ser\u00e3o retirados no hall da entrada do campus 1 hora antes do evento.<\/p>\n\n\n\n<h3>CINEMA BRASILEIRO NO JARDIM NELMA<\/h3>\n\n\n\n<p>DIA :22 DE AGOSTO \u2013 SEGUNDA-FEIRA \u2013 \u00c0S 19H<br>LOCAL : E.E Rep\u00fablica do Panam\u00e1<br>ENDERE\u00c7O:Rua Piemonte da Borborena, 75, Jardim Nelma<br>RETIRADA DE CONVITES:na secretaria da escola<\/p>\n\n\n\n<h3>CINEMA BRASILEIRO NA BELA VISTA<\/h3>\n\n\n\n<p>DIA :15 DE AGOSTO \u2013 SEGUNDA-FEIRA \u2013 \u00c0S 19H<br>LOCAL : E.E.MARIA JOS\u00c9<br>ENDERE\u00c7O:RUA TREZE DE MAIO, 267- BELA VISTA<br>RETIRADA DE CONVITES:COM PROFESSOR MARCO- COORDENADOR PEDAG\u00d3GICO<\/p>\n\n\n\n<h3>CINEMA BRASILEIRO NO PARQUE S\u00c3O LUCAS<\/h3>\n\n\n\n<p>DIA:13 DE AGOSTO \u2013 S\u00c1BADO \u00e0s 19H<br>LOCAL: GR\u00caMIO RECREATIVO CULTURAL ESCOLA DE SAMBA UNIDOS DE S\u00c3O LUCAS<br>ENDERE\u00c7O : RUA CARMINHA,264-PARQUE S\u00c3O LUCAS \u2013 SP<br>RETIRARA DE CONVITES: na sede da escola, na secretaria<\/p>\n\n\n\n<h3>CINEMA BRASILEIRO NO CAP\u00c3O REDONDO<\/h3>\n\n\n\n<p>DIA 08 DE AGOSTO \u2013 SEGUNDA-FEIRA \u2013 \u00c0S 19H<br>LOCAL :NO E.E.PROFESSOR LEOPOLDO SANTANA<br>ENDERE\u00c7O: RUA MANUEL DUARTE DE OLIVEIRA,151<br>RETIRADA DE CONVITES: na secretaria da escola<\/p>\n\n\n\n<h3>CINEMA BRASILEIRO NO PARQUE NOVO MUNDO- AO AR LIVRE<\/h3>\n\n\n\n<p>DIA:06 DE AGOSTO \u2013 S\u00c1BADO \u00e0s 19H<br>LOCAL: na Rua Giuseppe Marino ,180<br>RETIRARA DE CONVITES: Maeli, Sirlene ou Regiane<br>Caso chova a sess\u00e3o ser\u00e1 dentro da escola C\u00e9lia Regina, na Giuseppe marino 177, pq Novo Mundo<\/p>\n\n\n\n<h3>CINEMA BRASILEIRO EM CAMPINAS<\/h3>\n\n\n\n<p>DIA: 05 DE AGOSTO SEXTA FEIRA 19HS<br>LOCAL : QUADRA DE ESPORTE<br>ENDERE\u00c7O: RUA ELZA MONNERAT, S\/N<br>Retirada dos convites:<br>1 -COMUNIDADE VALE DO SOL- No bar do Bahia<br>2 -FERRO VELHO DO DO DIER- RUA prefeito Celso Daniel, 69, cdhu San Martins<br>3 -Oficina REI DO INOX- RUA Elza Monnerat, 290, cdhu San Martins<\/p>\n\n\n\n<h3>CINEMA BRASILEIRO NO FERRAZ DE VASCONCELOS- AO AR LIVRE<\/h3>\n\n\n\n<p>DATA: 30 DE JULHO \u2013 S\u00c1BADO<br>LOCAL : na Rua teot\u00f4nio pav\u00e3o 209, final da rua (sem sa\u00edda)<br>RETIRADA DE CONVITES:FALAR Ester, Luiz, Anderson ou Fernando<\/p>\n\n\n\n<h3>CINEMA BRASILEIRO NA CHACARA ELDORADO \u2013AO AR LIVRE<\/h3>\n\n\n\n<p>DIA: 23 DE JULHO S\u00c1BADO 19HS<br>LOCAL : na Rua Orestes de Souza Figueiredo, 181, Bairro Ch\u00e1cara Eldorado.<br>RETIRADA DE CONVITES : Na sede da Torcida Independente Parelheiros no Bar do Michel<\/p>\n\n\n\n<h3>CINEMA BRASILEIRO EM JANDIRA<\/h3>\n\n\n\n<p>DIA: 22 DE JULHO \u2013 SEXTA FEIRA 19hs<br>LOCAL: Comunidade C\u00e1ritas S\u00e3o Francisco de Assis<br>ENDERE\u00c7O: Rua Paloma Carolina, 205, Vila Dolores Paschoalin, Jandira\/SP<br>RETIRADA DE CONVITES: na secretaria<\/p>\n\n\n\n<h3>CINEMA BRASILEIRO NO JARDIM DOS \u00c1LAMOS<\/h3>\n\n\n\n<p>DIA: 16 DE JULHO \u2013 S\u00c1BADO \u00e0s 19H<br>LOCAL: CDM \u2013 G.R. LIGEIRINHO<br>ENDERE\u00c7O: Rua Dr. Achilles Silveira Guimar\u00e3es, 439. Bairro : Jardim dos Alamos.<br>RETIRARA DE CONVITES : COM ROSANGELA<\/p>\n\n\n\n<h3>CINEMA BRASILEIRO NA VILA S\u00c3O JOS\u00c9- AO AR LIVRE<\/h3>\n\n\n\n<p>DIA:09 DE JULHO \u2013 SABADO- \u00e0s 19H<br>LOCAL:RUA Laje de MURIA\u00c9, 90, VILA S\u00c3O JOS\u00c9<br>RETIRADA DE CONVITES FALAR COM : J\u00fanior<\/p>\n\n\n\n<h3>CINEMA BRASILEIRO NO JARDIM PERI<\/h3>\n\n\n\n<p>DIA:08 DE JULHO \u2013 SEXTA-FEIRA \u00e0s 19H<br>LOCAL: INSTITUTO JARDIM PERI<br>ENDERE\u00c7O : RUA CONDESSA AM\u00c1LIA MATARAZZO,136- JD PERI -SP<br>RETIRARA DE CONVITES: Renato, Thiago e Bruno<\/p>\n\n\n\n<h3>CINEMA BRASILEIRO NA PAULISTA<\/h3>\n\n\n\n<p>DIA: 28 DE JUNHO \u2013 ter\u00e7a \u2013 feira \u2013 19hs<br>LOCAL:Espa\u00e7o L\u00e9lia Abramo -Regional Paulista do Sindicato dos Banc\u00e1rios de SP<br>ENDERE\u00c7O:Rua Carlos Sampaio,305<br>RETIRADA DE CONVITES :Pelo e-mail : <a href=\"mailto:producaocineb@brazucah.com.br\">producaocineb@brazucah.com.br<\/a><\/p>\n\n\n\n<h3>CINEMA BRASILEIRO NAVILA RUBI<\/h3>\n\n\n\n<p>DIA:24 DE JUNHO \u2013 SEXTA-FEIRA \u00e0s 19H<br>LOCAL: Associa\u00e7\u00e3o dos moradores da Vila Rubi<br>ENDERE\u00c7O :Rua Domingos tarroso 632, Vila Rubi, zona suL<br>RETIRARA DE CONVITES: Falar comcom Thais e Edson<\/p>\n\n\n\n<h3>CINEMA BRASILEIRO NA COHAB JUSCELINO<\/h3>\n\n\n\n<p>DIA: 20 DE JUNHO \u2013 SEGUNDA FEIRA \u00e0s 19H<br>LOCAL: Escola Aquilino Ribeiro \u2013 O.N.G Orgulho De Uma Ra\u00e7a<br>ENDERE\u00c7O : R Onofre Leite Meirelles, 1<br>RETIRARA DE CONVITES: Na Secretaria da Escola<\/p>\n\n\n\n<h3>CINEMA BRASILEIRO EM PARELHEIROS<\/h3>\n\n\n\n<p>DATA 28 DE MAIO SABADO 19HS<br>LOCAL Colegio Leda Guimar\u00e3es Natal ( Departamento Social Santa Cana)<br>ENDERE\u00c7O:Rua Fonte das Bicas- n\u00famero 189, : JdRoschel-Parelheiros<br>RETIRADA DE CONVITES: Barbearia do Douglas<\/p>\n\n\n\n<h3>CINEMA BRASILEIRO NO GRAJA\u00da<\/h3>\n\n\n\n<p>DIA:27 DE MAIO \u2013 sexta-feira \u00e0s 19H<br>LOCAL: CEI VOV\u00d3 AIDA RAMOS FERREIRA<br>ENDERE\u00c7O :Rua Tenente Joecyl Camargo da Mota, 55 \u2013 Jardim Somara, S\u00e3o Paulo<br>RETIRARA DE CONVITES: FALAR COM EDMILSON E LUCILENE<\/p>\n\n\n\n<h3>CINEMA BRASILEIRO EM ITAPECERICA DA SERRA<\/h3>\n\n\n\n<p>DIA:13 DE MAIO \u2013 sexta-feira \u00e0s 19H<br>LOCAL: Escola Joaquim Fernando Paes de Barros Neto<br>ENDERE\u00c7O : Rua P\u00e9rsia,1.130-Parque Para\u00edso-Itapecerica da Serra<br>RETIRARA DE CONVITES: retirar na escola com Diretor Francisco ou com a vice diretora Suerem<\/p>\n\n\n\n<h3>CINEMA BRASILEIRO NOJARDIM PERI<\/h3>\n\n\n\n<p>DIA:12 DE MAIO \u2013 quinta-feira \u00e0s 19H<br>LOCAL: Centro comunit\u00e1rio nossa senhora Aparecida<br>ENDERE\u00c7O :Avenida Francisco Machado da Silva 1414 B<br>RETIRARA DE CONVITES: FALAR COM<\/p>\n\n\n\n<h3>CINEMA BRASILEIRO NOJARDIM JULIETA<\/h3>\n\n\n\n<p>DIA:8 DE MAIO \u2013 DOMINGO \u00e0s 19H<br>LOCAL: Centro Cultural<br>ENDERE\u00c7O :Avenida do Poeta, 100<br>RETIRARA DE CONVITES: Falar comBea ou Mano Black<\/p>\n\n\n\n<h3>CINEMA BRASILEIRO EM OSASCO<\/h3>\n\n\n\n<p>DIA: 06 DE MAIO \u2013sexta-feira \u00e0s 19H<br>LOCAL: Condom\u00ednio S\u00e3o Crist\u00f3v\u00e3o<br>ENDERE\u00c7O : Rua Juan Vicente, 482, Osasco<br>RETIRARA DE CONVITES: Com Ana Pina ou Tafarel<\/p>\n\n\n\n<h3>CINEMA BRASILEIRO NO GRAJA\u00da \u2013 AO AR LIVRE<\/h3>\n\n\n\n<p>DIA: 30 DE ABRIL \u2013 SABADO 19HS<br>Endere\u00e7o: Travessa domingo no parque, s\/ sa\u00edda , parque resid\u00eancialCocaia<br>RETIRADA DE CONVITES : No bar do Japa<\/p>\n\n\n\n<h3>CINEMA BRASILEIRO NO JARDIM CELESTE<\/h3>\n\n\n\n<p>DIA: 22 DE ABRIL SEXTA-FEIRA 19 HS<br>LOCAL: ASSOCIA\u00c7\u00c3O DOS MOVIMENTOS DE MORADIA DA REGI\u00c3O SUDESTE<br>ENDERE\u00c7O: Rua Maramores , 36<br>RETIRADA DE CONVITES: Falar com Gra\u00e7a Xavier ou F\u00e1tima dos Santos<\/p>\n\n\n\n<h3>CINEMA BRASILEIRO NA PAULISTA<\/h3>\n\n\n\n<p>DIA: 19 DE ABRIL \u2013 ter\u00e7a \u2013 feira \u2013 19hs<br>LOCAL:Espa\u00e7o L\u00e9lia Abramo -Regional Paulista do Sindicato dos Banc\u00e1rios de SP<br>ENDERE\u00c7O:Rua Carlos Sampaio,305<br>RETIRADA DE CONVITES :Pelo e-mail : <a href=\"mailto:producaocineb@brazucah.com.br\">producaocineb@brazucah.com.br<\/a><\/p>\n\n\n\n<h3>CINEMA BRASILEIRO EM PERUS<\/h3>\n\n\n\n<p>DIA: 18 DE ABRIL \u2013 segunda-feira \u2013 19hs<br>LOCAL:Cieja Perus<br>ENDERE\u00c7O: Rua Francisco Jos\u00e9 de Barros, 160 \u2013 Vila In\u00e1cio, S\u00e3o Paulo<br>RETIRADA DE CONVITES : Na Secretaria do Cieja<\/p>\n\n\n\n<h3>CINEMA BRASILEIRO EM PARELHEIROS<\/h3>\n\n\n\n<p>DIA: 16 DE ABRIL S\u00c1BADO AS 19HS<br>LOCAL : Quadra Comunit\u00e1ria<br>ENDERE\u00c7O: Rua Dom\u00eanicoLanzetti , 07- Jd S\u00e3o Norberto<br>RETIRADA DE CONVITES: No local falar com Junior ou Ezequiel<\/p>\n\n\n\n<h3>CINEMA BRASILEIRO NO PQ PLANALTO<\/h3>\n\n\n\n<p>DIA: 9 DE ABRIL \u2013 SABADO- 19HS<br>LOCAL : Par\u00f3quia Jesus Maria e Jos\u00e9<br>ENDERE\u00c7O: Professora HerminiaCavezzali Sampaio, 09 Pq. Planalto<br>RETIRADA DE CONVITES : Na Secretaria da igreja<\/p>\n\n\n\n<h3>CINEMA BRASILEIRO NO PQ NOVO GRAJA\u00da<\/h3>\n\n\n\n<p>DIA: 8 DE ABRIL \u2013 SEXTA-FEIRA- 19HS<br>LOCAL : N\u00facleo Venha Conosco<br>ENDERE\u00c7O:Rua Corn\u00e9lio Dopper 1.100A<br>RETIRADA DE CONVITES : Na Secretaria falar com Vanessa<\/p>\n\n\n\n<h3>CINEMA BRASILEIRO EM EMBU DAS ARTES<\/h3>\n\n\n\n<p>DIA :31 DE MAR\u00c7O \u2013 QUINTA-FEIRA 19HS<br>LOCAL : Col\u00e9gio estadual Tadakio Sakai<br>ENDERE\u00c7O: Rua Hamburgo, 57 \u2013 Vila Olinda<br>Retirada de Convites: Na Secretaria da escola<\/p>\n\n\n\n<h3>CINEMA BRASILEIRO NO BR\u00c1S<\/h3>\n\n\n\n<p>DATA30 DE MAR\u00c7O- QUARTA- FEIRA AS 19HS<br>LOCAL: Centro de Acolhida Morada S\u00e3o Martinho de Lima<br>ENDERE\u00c7O: Pra\u00e7a Senador Morais de Barros, 160- Br\u00e1s<br>RETIRADA DE CONVITES : com Vanessa.<\/p>\n\n\n\n<h3>CINEMA BRASILEIRO NO JARDIM BRAS\u00cdLIA<\/h3>\n\n\n\n<p>DATA: 21 de mar\u00e7o \u2013 segunda \u2013feira \u00e0s 19 HS<br>LOCAL:Ong Juntos sede<br>ENDERE\u00c7O: Rua Canfora, 90 \u2013 JdBrasilia<br>RETIRADA DE CONVITES : Falar com Humberto<\/p>\n\n\n\n<h3>CINEMA BRASILEIRO NA VILA RICA<\/h3>\n\n\n\n<p>DIA :19 DE MAR\u00c7O \u2013 S\u00c1BADO 19HS<br>LOCAL : Sociedade Amigos da Vila Rica<br>ENDERE\u00c7O: Rua Jo\u00e3o Batista Lima 47<br>Retirada de Convites: Falar com Bia<\/p>\n\n\n\n<p>Moreno<\/p>\n\n\n\n<h3>CINEMA BRASILEIRO EM ITAPECERICA DA SERRA<\/h3>\n\n\n\n<p>DIA: 25 DE FEVEREIRO SEXTA FEIRA 19HS<br>LOCAL : E.E Joao Baptista de Oliveira<br>ENDERE\u00c7O: Rua Maj. Manoel Francisco de Mor\u00e3es, 186 \u2013 Centro, Itapecerica da Serra<br>RETIRADA DE CONVITES: Na Secretaria da escola<\/p>\n\n\n\n<h3>CINEMA BRASILEIRO EM PERUS<\/h3>\n\n\n\n<p>DIA: 24 DE FEVEREIRO QUINTA FEIRA 19HS<br>LOCAL : EMEF PROFESSORA PHIL\u00d3 GON\u00c7ALVES DOS SANTOS<br>ENDERE\u00c7O: RUA ALAGOA NOVA, 103- Perus<br>RETIRADA DE CONVITES:FALAR COM PROFESSORA ALESSANDRA OU MICHELE<br>PONTO DE REFER\u00caNCIA: COHAB PERUS\/UPA<\/p>\n\n\n\n<h3>CINEMA BRASILEIRO NO JARDIM AMALIA (ao ar livre)<\/h3>\n\n\n\n<p>DIA: 22 DE FEVEREIRO TER\u00c7A -FEIRA<br>LOCAL : Estacionamento da EMEF Maria Rita Lopes Pontes- Irm\u00e3 Dulce<br>ENDERE\u00c7O: Rua Vit\u00f3riano Palhares, 10 \u2013 Jardim Amalia<br>RETIRADA DE CONVITES: Na Secretaria da escola<\/p>\n\n\n\n<h3>CINEMA BRASILEIRO NO JARDIM NELMA<\/h3>\n\n\n\n<p>DIA :18 DE FEVEREIRO SEXTA FEIRA 19HS<br>LOCAL : E.E Rep\u00fablica do Panam\u00e1<br>ENDERE\u00c7O:Rua Piemonte da Borborena, 75, Jardim Nelma<br>RETIRADA DE CONVITES:na secretaria da escola<\/p>\n\n\n\n<h3>CINEMA BRASILEIRO NO JARDIM CELESTE<\/h3>\n\n\n\n<p>DIA:05 DE FEVEREIRO \u2013 s\u00e1bado \u00e0s 19H<br>LOCAL: Associa\u00e7\u00e3o Comunit\u00e1ria Amigos do Gelo<br>ENDERE\u00c7O :Rua Sebasti\u00e3o anunciado 341-jd celeste \u2013 Campo do Celeste<br>RETIRARA DE CONVITES:FALAR COM GORETE<\/p>\n","protected":false},"excerpt":{"rendered":"<p>CINEMA BRASILEIRO NO JA\u00c7AN\u00c3 DIA: 17 DE DEZEMBRO \u2013SABADO \u2013 \u00c0S 18HLOCAL: Comunidade Nossa Senhora da SaletteENDERE\u00c7O: Rua Igarap\u00e9 progresso[&#8230;]<\/p>\n","protected":false},"author":4,"featured_media":0,"parent":0,"menu_order":0,"comment_status":"closed","ping_status":"closed","template":"","meta":[],"_links":{"self":[{"href":"https:\/\/projetocineb.com.br\/index.php?rest_route=\/wp\/v2\/pages\/20638"}],"collection":[{"href":"https:\/\/projetocineb.com.br\/index.php?rest_route=\/wp\/v2\/pages"}],"about":[{"href":"https:\/\/projetocineb.com.br\/index.php?rest_route=\/wp\/v2\/types\/page"}],"author":[{"embeddable":true,"href":"https:\/\/projetocineb.com.br\/index.php?rest_route=\/wp\/v2\/users\/4"}],"replies":[{"embeddable":true,"href":"https:\/\/projetocineb.com.br\/index.php?rest_route=%2Fwp%2Fv2%2Fcomments&post=20638"}],"version-history":[{"count":2,"href":"https:\/\/projetocineb.com.br\/index.php?rest_route=\/wp\/v2\/pages\/20638\/revisions"}],"predecessor-version":[{"id":28770,"href":"https:\/\/projetocineb.com.br\/index.php?rest_route=\/wp\/v2\/pages\/20638\/revisions\/28770"}],"wp:attachment":[{"href":"https:\/\/projetocineb.com.br\/index.php?rest_route=%2Fwp%2Fv2%2Fmedia&parent=20638"}],"curies":[{"name":"wp","href":"https:\/\/api.w.org\/{rel}","templated":true}]}}