{"id":28664,"date":"2025-09-22T21:43:55","date_gmt":"2025-09-23T00:43:55","guid":{"rendered":"https:\/\/projetocineb.com.br\/?page_id=28664"},"modified":"2025-09-22T21:56:39","modified_gmt":"2025-09-23T00:56:39","slug":"confira-as-sessoes-realizadas-em-2024","status":"publish","type":"page","link":"https:\/\/projetocineb.com.br\/?page_id=28664","title":{"rendered":"Confira as sess\u00f5es realizadas 2024"},"content":{"rendered":"\n<p><\/p>\n\n\n\n<h3>CINEMA BRASILEIRO NA EXPOCATADORES 2024<\/h3>\n\n\n\n<p>DIA: 18 de DEZEMBRO- quarta-feira- 10h<br>LOCAL: Anhembi \u2013 Pavilh\u00e3o de Exposi\u00e7\u00f5es<br>ENDERE\u00c7O: Avenida Olavo Fontoura,1209- Santana-SP<br>RESERVA DE CONVITES : <a href=\"http:\/\/www.expocatadores.com.br\/\">www.expocatadores.com.br<\/a><\/p>\n\n\n\n<h3>CINEMA BRASILEIRO EM EMBU DAS ARTES<\/h3>\n\n\n\n<p>DIA: 15 de DEZEMBRO- domingo- 19h<br>LOCAL: Quadra da Vila Santa Clara<br>ENDERE\u00c7O: Estrada Maria Imaculada,208 \u2013 Embu das Artes<br>RETIRADA DE CONVITES : com Amauri<\/p>\n\n\n\n<h3>CINEMA BRASILEIRO NO E.E.PROFESSOR LEOPOLDO SANTANA \u2013 AO AR LIVRE<\/h3>\n\n\n\n<p>DIA : 02 de DEZEMBRO- segunda-feira- \u00e0s 19h<br>LOCAL : No estacionamento da escola<br>ENDERE\u00c7O: RUA MANUEL DUARTE DE OLIVEIRA,151 \u2013 Cap\u00e3o Redondo<br>RETIRADA DE CONVITES: na secretaria da escola<\/p>\n\n\n\n<h3>CINEMA BRASILEIRO NO SINDICATO DOS BANC\u00c1RIOS<\/h3>\n\n\n\n<p>DIA: 28 de novembro \u2013 quinta-feira \u2013 \u00e0s 19hs<br>LOCAL: Audit\u00f3rio Amarelo<br>ENDERE\u00c7O: Rua S\u00e3o Bento,413<br>RETIRADA DE CONVITES: Pelo e-mail <a href=\"mailto:producaocineb@brazucah.com.br\">producaocineb@brazucah.com.br<\/a><\/p>\n\n\n\n<h3>CINEMA BRASILEIRO NO CCA IMPERADOR \u2013 \u00e0s 16h Programa\u00e7\u00e3o musical<\/h3>\n\n\n\n<p>DIA: 23 de novembro- s\u00e1bado- \u00e0s 18h \u2013 exibi\u00e7\u00e3o do filme<br>LOCAL: No Campo do Carioca<br>ENDERE\u00c7O: Avenida Carioca, 99- Ipiranga -SP<br>RETIRADA DE CONVITES: com K\u00e1tia \u2013gestora<\/p>\n\n\n\n<h3>CINEMA BRASILEIRO NA VILA RICA<\/h3>\n\n\n\n<p>DIA: 22 de novembro- sexta-feira- \u00e0s 19h<br>LOCAL: Sociedade Amigos da Vila Rica<br>ENDERE\u00c7O: Rua Jo\u00e3o Batista Lima 47<br>RETIRADA DE CONVITES: com Bia Moreno ou Alice<\/p>\n\n\n\n<h3>CINEMA BRASILEIRO NO ESPRO \u2013 ENSINO SOCIAL PROFISSIONALIZANTE<\/h3>\n\n\n\n<p>DIA: 18 de novembro- segunda-feira-<br>Primeira sess\u00e3o: 10h \u00e0s 12h<br>Segunda sess\u00e3o: 14h30 \u00e0s 17h<br>LOCAL: Audit\u00f3rio Caminhos da transforma\u00e7\u00e3o<br>ENDERE\u00c7O: Av Brigadeiro Luiz Antonio , 2482 \u2013 SP<br>RETIRADA DE CONVITES : na portaria<\/p>\n\n\n\n<h3>CINEMA BRASILEIRO NA UNIVERSIDADE FIAM FAAM<\/h3>\n\n\n\n<p>DIA : 30 de outubro \u2013quarta-feira- \u00e0s 9h30<br>LOCAL :Audit\u00f3rio Ulysses Guimar\u00e3es<br>ENDERE\u00c7O:Rua Tagu\u00e1,150 Pr\u00e9dio 1<br>RETIRADA DE CONVITES : na entrada da sess\u00e3o<\/p>\n\n\n\n<h3>CINEMA BRASILEIRO NO Centro Universit\u00e1rio das Am\u00e9ricas \u2013 FAM<\/h3>\n\n\n\n<p>DIA : 28 de outubro \u2013 segunda-feira- \u00e0s 19h<br>LOCAL :No audit\u00f3rio da Unidade<br>ENDERE\u00c7O: Rua Augusta, 973.<br>RETIRADA DE CONVITES : Os convites ser\u00e3o retirados no hall da entrada do campus 1 hora antes do evento.<\/p>\n\n\n\n<h3>CINEMA BRASILEIRO HELI\u00d3POLIS<\/h3>\n\n\n\n<p>DIA : 30 DE SETEMBRO \u2013 SEGUNDA-FEIRA<br>LOCAL : Garoto Cidad\u00e3o Heli\u00f3polis<br>ENDERE\u00c7O: Rua Artistas de Heli\u00f3polis, 248<br>RETIRADA DE CONVITES : Falar com BRUNA<\/p>\n\n\n\n<h3>CINEMA BRASILEIRO NA CH\u00c1CARA FLORA<\/h3>\n\n\n\n<p>DIA: 28 SETEMBRO- S\u00c1BADO -19h<br>LOCAL : Arco Associa\u00e7\u00e3o Beneficente<br>ENDERE\u00c7O: Rua Lic\u00ednio Felini,97- Ch\u00e1cara Flora<br>Retirada de Convites: Na secretaria<\/p>\n\n\n\n<h3>CINEMA BRASILEIRO NO JARDIM FILHOS DA TERRA<\/h3>\n\n\n\n<p>DATA: 22 DE SETEMBRO DOMINGO 19h<br>LOCAL: Comunidade Nossa Senhora da Salette<br>ENDERE\u00c7O: Travessa Igarape Progresso, 71<br>RETIRADA DE CONVITES: Com Maria<\/p>\n\n\n\n<h3>CINEMA BRASILEIRO NO JARDIM ANGELA<\/h3>\n\n\n\n<p>DIA: 31 de Agosto- S\u00e1bado- \u00e0s 19h<br>LOCAL: Projeto Vida Nova<br>ENDERE\u00c7O: Rua Nova Providencia, 506 \u2013 Pq Bologne<br>Retirada de convites : Fabiana Willian ou Analice<\/p>\n\n\n\n<h3>CINEMA BRASILEIRO NO JARDIM S\u00c3O SAV\u00c9RIO<\/h3>\n\n\n\n<p>DIA: 29 de Agosto- Quinta-feira- \u00e0s 19h<br>LOCAL: Associa\u00e7\u00e3o dos moradores da comunidade da Igrejinha do jardim S\u00e3o Sav\u00e9rio<br>ENDERE\u00c7O: Rua Memorial de Aires 490, jardim S\u00e3o Sav\u00e9rio<br>Retirada de convites : com Anderson (Tiri) e Rose<\/p>\n\n\n\n<h3>CINEMA BRASILEIRO NO PARQUE MANDAQUI<\/h3>\n\n\n\n<p>DIA: 28 DE AGOSTO \u2013 quarta-feira-\u00e0s 19h<br>LOCAL: Escola Estadual Paul Hugon<br>ENDERE\u00c7O:Rua General Jos\u00e9 de Almeida Botelho, 196 \u2013 Parque Mandaqui<br>Retirada de convites :na secretaria<\/p>\n\n\n\n<h3>CINEMA BRASILEIRO NO SINDICATO DOS BANC\u00c1RIOS DE SP<\/h3>\n\n\n\n<p>DIA: 31 DE JULHO-QUARTA-FEIRA- 19h<br>LOCAL: Audit\u00f3rio Amarelo<br>ENDERE\u00c7O:Rua S\u00e3o Bento, 413, Centro,<br>Edif\u00edcio Martinelli (metr\u00f4 S\u00e3o Bento).<br>RESERVA DE CONVITES : pelo email : <a href=\"mailto:producaocineb@brazucah.com.br\">producaocineb@brazucah.com.br<\/a><\/p>\n\n\n\n<h3>CINEMA BRASILEIRO NO JARDIM APUAN\u00c3<\/h3>\n\n\n\n<p>DIA 26 DE JULHO SEXTA FEIRA 19HS<br>LOCAL: Galp\u00e3o comunit\u00e1rio, da Associa\u00e7\u00e3o dos sem terra da zona norte<br>ENDERE\u00c7O: Rua Um 220 Jardim Apuan\u00e3-S\u00e3o Paulo<br>RETIRADA DE CONVITES FALAR COM: com Eliane<\/p>\n\n\n\n<h3>CINEMA BRASILEIRO NO PROJETO VIRA LATA<\/h3>\n\n\n\n<p>DIA: 12 DE JULHO \u2013 SEXTA- 14h30<br>LOCAL: Audit\u00f3rio do Vira Lata<br>ENDERE\u00c7O:Rua Nella Murari Rosa,40- Jardim Jaqueline<br>RETIRADA DE CONVITES: Na Administra\u00e7\u00e3o<\/p>\n\n\n\n<h3>CINEMA BRASILEIRO JARDIM ELISA MARIA<\/h3>\n\n\n\n<p>DIA: 30 DE JUNHO DOMINGO 19HS<br>LOCAL: Ao ar livre na pra\u00e7a<br>ENDERE\u00c7O: R. Manuel Aquilino dos Santos, 2668<br>RETIRE SEU CONVITE : no Sal\u00e3o- na Rua Cachoeira Alegre,134<\/p>\n\n\n\n<h3>CINEMA BRASILEIRO NA VILA ROCHEL<\/h3>\n\n\n\n<p>DIA: 29 DE JUNHO- 19hs SABADO<br>LOCAL: PROJETO RESGATANDO JOVENS<br>ENDERE\u00c7O : Rua S\u00d4NIA N\u00b055<br>RETIRADA DE CONVITES: COM C\u00c1SSIO<\/p>\n\n\n\n<h3>CINEMA BRASILEIRO NO SINDICATO DOS BANC\u00c1RIOS DE SP<\/h3>\n\n\n\n<p>DIA: 28 de junho- sexta-feira- 19h<br>LOCAL: Audit\u00f3rio Amarelo<br>ENDERE\u00c7O:Rua S\u00e3o Bento, 413, Centro,<br>Edif\u00edcio Martinelli (metr\u00f4 S\u00e3o Bento).<br>RESERVA DE CONVITES : pelo email : <a href=\"mailto:producaocineb@brazucah.com.br\">producaocineb@brazucah.com.br<\/a><\/p>\n\n\n\n<h3>CINEMA BRASILEIRO NO BAIRRO DA LIBERDADE<\/h3>\n\n\n\n<p>DIA: 27 de junho- quinta-feira- 19h<br>LOCAL: EMEF Duque de Caxias<br>ENDERE\u00c7O:Pra\u00e7a Dr. M\u00e1rio Margarido \u2013 Liberdade.<br>RETIRADA DE CONVITES : Na Secretaria da Escola.<\/p>\n\n\n\n<h3>CINEMA BRASILEIRO NA AFUBESP<\/h3>\n\n\n\n<p>DIA: 26 DE JUNHO- QUARTA-FEIRA -14H<br>LOCAL: NO AUDIT\u00d3RIO DA AFUBESP- 11\u00baandar<br>ENDERE\u00c7O: Rua Direita, 32- S\u00e9 \u2013 Centro SP<br>RETIRADA DE CONVITES : na AFUBESP<\/p>\n\n\n\n<h3>CINEMA BRASILEIRO EM EMBU DAS ARTES<\/h3>\n\n\n\n<p>DIA: 23 de junho- domingo- 19h<br>LOCAL: Quadra na Pra\u00e7a Serafim Alves da Silva<br>ENDERE\u00c7O: Av do Realismo- Jd Marina \u2013 Embu das Artes<br>RETIRADA DE CONVITES : com Amauri<\/p>\n\n\n\n<h3>CINEMA BRASILEIRO NO JARDIM PRESIDENTE<\/h3>\n\n\n\n<p>DIA: 22 DE JUNHO- SABADO -19H<br>LOCAL: NA QUADRA DA RUA DA LAMA<br>ENDERE\u00c7O: Rua Joaquim Torres Garcia, s\/n- jd Presidente<br>RETIRADA DE CONVITES : com L\u00facia<\/p>\n\n\n\n<h3>CINEMA BRASILEIRO NA CH\u00c1CARA BELA VISTA<\/h3>\n\n\n\n<p>DIA: 19 de junho- quarta-feira-19h<br>LOCAL : Rua Giuseppe Marino,180 (QUADRA)<br>ENDERE\u00c7O:Rua Giuseppe marino 180- Parque Novo Mundo<br>RETIRADA DE CONVITES : Falar com Maeli, Sirlene e Regiane<\/p>\n\n\n\n<h3>CINEMA BRASILEIRO NA CIDADE TIRADENTES<\/h3>\n\n\n\n<p>DIA: 17 de junho- segunda-feira- 19h<br>LOCAL: EMEF Anna Lamberga Zeglio<br>ENDERE\u00c7O: Rua Olimpia Montani,231- Conj.Hab. Santa Etelvina II<br>RETIRADA DE CONVITES : Na Secretaria da Escola.<\/p>\n\n\n\n<h3>CINEMA BRASILEIRO NA CH\u00c1CARA FLORIDA<\/h3>\n\n\n\n<p>DIA : 15 de Junho- S\u00e1bado-19h<br>LOCAL : Arco Associa\u00e7\u00e3o Beneficente<br>ENDERE\u00c7O: Rua Lic\u00ednio Felini,97- Ch\u00e1cara Fl\u00f3rida<br>Retirada de Convites: na secretaria<\/p>\n\n\n\n<h3>CINEMA BRASILEIRO NO JARDIM AM\u00c1LIA<\/h3>\n\n\n\n<p>DIA: 29 DE MAIO- QUARTA-FEIRA \u2013 19h<br>LOCAL: Estacionamento da EMEF Maria Rita Lopes Pontes- Irm\u00e3 Dulce<br>ENDERE\u00c7O: R. Vit\u00f3riano Palhares, 10 \u2013 Jardim Amalia, S\u00e3o Paulo<br>RETIRADA DE CONVITES: na secretaria<\/p>\n\n\n\n<h3>CINEMA BRASILEIRO NA VILA RICA<\/h3>\n\n\n\n<p>DIA : 24 DE MAIO.\u2013SEXTA \u2013 FEIRA 19h<br>LOCAL : Sociedade Amigos da Vila Rica<br>ENDERE\u00c7O: Rua Jo\u00e3o Batista Lima 47<br>Retirada de Convites: Falar com Bia Moreno<br>FILME: MUSSUM, O FILMIS<\/p>\n\n\n\n<h3>CINEMA BRASILEIRO NO JARDIM MONTE VERDE<\/h3>\n\n\n\n<p>DIA: 22 DE MAIO \u2013 QUARTA-FEIRA \u2013 19h<br>LOCAL: Escola Mariazinha Congilio<br>ENDERE\u00c7O: R. Quatro, S\/N \u2013 Jardim Monte Verde, Graja\u00fa<br>RETIRADA DE CONVITES: Na secretaria da escola.<\/p>\n\n\n\n<h3>CINEMA BRASILEIRO NA PAR\u00d3QUIA SANTO AFONSO<\/h3>\n\n\n\n<p>DIA: 19 DE MAIO \u2013 DOMINGO \u2013 19h<br>LOCAL : SAL\u00c3O DA IGREJA Par\u00f3quia Santo Afonso<br>ENDERE\u00c7O: Rua Dr Carneiro Maia, 95 \u2013 \u00c1gua Funda<br>RETIRADA DE CONVITES: Na secretaria da igreja<\/p>\n\n\n\n<h3>CINEMA BRASILEIRO NO NOVO PARELHEIROS<\/h3>\n\n\n\n<p>DIA: 18 DE MAIO \u2013 S\u00c1BADO \u2013 19h<br>LOCAL: ao ar livre na Rua Jacob Guilger Reimberg<br>RETIRADA DE CONVITES: no Departamento Social Santa Cana e Studio Luana Queiroz<\/p>\n\n\n\n<h3>CINEMA BRASILEIRO NO JARDIM BRASILIA<\/h3>\n\n\n\n<p>DATA: DIA 16 DE MAIO \u2013 QUINTA-FEIRA -19h<br>LOCAL : ONG JUNTOS<br>ENDERE\u00c7O: Rua Canfora,90 \u2013 Jardim Bras\u00edlia<br>RETIRADA DE CONVITES : na Ong Juntos<\/p>\n\n\n\n<h3>CINEMA BRASILEIRO NO JARDIM S\u00c3O LUIZ<\/h3>\n\n\n\n<p>Data: 15 DE MAIO- QUARTA-FEIRA- 19h<br>LOCAL : Escola Luiz Gonzaga Pinto e Silva<br>ENDERE\u00c7O: Rua Geraldo Fraga de Oliveira ,324<br>RETIRADA DE CONVITES: Na secretaria da escola.<\/p>\n\n\n\n<h3>CINEMA BRASILEIRO EM PARELHEIROS<\/h3>\n\n\n\n<p>DIA: 11 DE MAIO \u2013 S\u00c1BADO- 19H<br>LOCAL: Ao ar livre na Rua 03, Jardim S\u00e3o Nicolau<br>RETIRADA DE CONVITES: Na casa do Emerson<\/p>\n\n\n\n<h3>CINEMA BRASILEIRO AO AR LIVRE MOVIDO A BICICLETA<\/h3>\n\n\n\n<p>DIA: 25 DE ABRIL \u2013 QUINTA-FEIRA \u2013 \u00c0S 19H<br>LOCAL: Quadra do Sindicato dos Banc\u00e1rios de SP<br>ENDERE\u00c7O: Rua Tabatinguera,192- Centro-SP<\/p>\n\n\n\n<h3>CINEMA BRASILEIRO NO JARDIM FILHOS DA TERRA<\/h3>\n\n\n\n<p>DATA: 23 DE MAR\u00c7O- SABADO 19h<br>LOCAL: Comunidade Nossa Senhora da Salette<br>ENDERE\u00c7O: Travessa Igarape Progresso, 71<br>RETIRADA DE CONVITES: Com Maria<\/p>\n\n\n\n<h3>CINEMA BRASILEIRO NO JARDIM SANTA F\u00c9<\/h3>\n\n\n\n<p>DIA : 16 DE MAR\u00c7O- S\u00c1BADO \u2013 \u00c0S 19h<br>LOCAL: Associa\u00e7\u00e3o Beneficente Quinta Normal<br>ENDERE\u00c7O: Rua Pokan Natal 500- Jardim Santa f\u00e9<br>RETIRADA DE CONVITES FALAR COM : Marcelo ou Marcinho<\/p>\n\n\n\n<h3>CINEMA BRASILEIRO NO JD DAS CAM\u00c9LIAS<\/h3>\n\n\n\n<p>DIA : 09 DE MAR\u00c7O- S\u00c1BADO \u2013 \u00c0S 19HS<br>LOCAL: Sociedade Amigos do Jardim das Cam\u00e9lias<br>ENDERE\u00c7O: Rua Antonio Freire da Silva, 129 \u2013 Jardim das Cam\u00e9lias<br>RETIRADA DE CONVITES FALAR COM : Francisco<\/p>\n\n\n\n<h3>CINEMA BRASILEIRO NO JARDIM MONTE BELO<\/h3>\n\n\n\n<p>DIA: 8 DE MAR\u00c7O \u2013 SEXTA-FEIRA \u2013 \u00c0S 19H<br>LOCAL: EMEF Monte Belo<br>ENDERE\u00c7O: Rua Palmeir\u00f3polis s\/n- Em frente ao 57<br>RETIRADA DE CONVITES: na escola ou no Instituto Rosemere Chaves<\/p>\n\n\n\n<h3>CINEMA BRASILEIRO NO JARDIM PERI<\/h3>\n\n\n\n<p>DIA: 28 DE FEVEREIRO \u2013 QUARTA-FEIRA \u2013 \u00c0S 19H<br>LOCAL: Par\u00f3quia Nossa Senhora da Penha<br>ENDERE\u00c7O: Pra\u00e7a Helv\u00e9cio Gomes de Oliveira,n.2- JD Peri<br>RETIRADA DE CONVITES: Falar com Profa. Gra\u00e7a<\/p>\n\n\n\n<h3>CINEMA BRASILEIRO NO JARDIM ANGELA<\/h3>\n\n\n\n<p>DIA: 25 DE FEVEREIRO \u2013 DOMINGO \u2013 \u00c0S 19H<br>LOCAL: Projeto Vida Nova<br>ENDERE\u00c7O: Nova Providencia, 506 \u2013 Pq Bologne<br>RETIRADA DE CONVITES: Fabiana Willian<\/p>\n\n\n\n<h3>CINEMA BRASILEIRO NA CIDADE TIRADENTES<\/h3>\n\n\n\n<p>DIA: 24 DE FEVEREIRO \u2013 S\u00c1BADO \u2013 \u00c0S 19H<br>LOCAL: Centro de Treinamento TF.TEAM<br>ENDERE\u00c7O: Estrada da Vov\u00f3 Carolina,225 \u2013 MMA -Muay<br>RETIRADA DE CONVITES: com professora Nina<\/p>\n","protected":false},"excerpt":{"rendered":"<p>CINEMA BRASILEIRO NA EXPOCATADORES 2024 DIA: 18 de DEZEMBRO- quarta-feira- 10hLOCAL: Anhembi \u2013 Pavilh\u00e3o de Exposi\u00e7\u00f5esENDERE\u00c7O: Avenida Olavo Fontoura,1209- Santana-SPRESERVA[&#8230;]<\/p>\n","protected":false},"author":4,"featured_media":0,"parent":0,"menu_order":0,"comment_status":"closed","ping_status":"closed","template":"","meta":[],"_links":{"self":[{"href":"https:\/\/projetocineb.com.br\/index.php?rest_route=\/wp\/v2\/pages\/28664"}],"collection":[{"href":"https:\/\/projetocineb.com.br\/index.php?rest_route=\/wp\/v2\/pages"}],"about":[{"href":"https:\/\/projetocineb.com.br\/index.php?rest_route=\/wp\/v2\/types\/page"}],"author":[{"embeddable":true,"href":"https:\/\/projetocineb.com.br\/index.php?rest_route=\/wp\/v2\/users\/4"}],"replies":[{"embeddable":true,"href":"https:\/\/projetocineb.com.br\/index.php?rest_route=%2Fwp%2Fv2%2Fcomments&post=28664"}],"version-history":[{"count":2,"href":"https:\/\/projetocineb.com.br\/index.php?rest_route=\/wp\/v2\/pages\/28664\/revisions"}],"predecessor-version":[{"id":28687,"href":"https:\/\/projetocineb.com.br\/index.php?rest_route=\/wp\/v2\/pages\/28664\/revisions\/28687"}],"wp:attachment":[{"href":"https:\/\/projetocineb.com.br\/index.php?rest_route=%2Fwp%2Fv2%2Fmedia&parent=28664"}],"curies":[{"name":"wp","href":"https:\/\/api.w.org\/{rel}","templated":true}]}}