{"id":464,"date":"2012-12-14T11:24:07","date_gmt":"2012-12-14T13:24:07","guid":{"rendered":"http:\/\/projetocineb.com.br\/?page_id=464"},"modified":"2025-09-22T21:51:07","modified_gmt":"2025-09-23T00:51:07","slug":"programacao","status":"publish","type":"page","link":"https:\/\/projetocineb.com.br\/?page_id=464","title":{"rendered":"Programa\u00e7\u00e3o"},"content":{"rendered":"\n<p><\/p>\n\n\n<div>\n<div>\n<div>\n<h1><b>Sess\u00f5es exibidas em 2025<\/b><\/h1>\n<\/div>\n<\/div>\n<\/div>\n<h3>\u00a0<\/h3>\n<h3>CINEMA BRASILEIRO NO PRESTES MAIA<\/h3>\n<p>Data: 25 de setembro \u2013 quinta-feira \u2013 \u00e0s 19h<br \/>Local: Conjunto Jos\u00e9 Bonif\u00e1cio<br \/>Endere\u00e7o: RUA GUILHERME DE ABREU SODR\u00c9, N\u00ba 100 \u2013 BAIRRO CIDADE TIRADENTES<br \/>Retirada de convites: Next<\/p>\n<h3>CINEMA BRASILEIRO NO IN\u00c1CIO MONTEIRO<\/h3>\n<p>Data: 24 de setembro \u2013 quarta-feira \u2013 19h<br \/>Local: AMBF ASSOCIA\u00c7\u00c3O DE MORADORES BENFICA \u2013 RUA.DA CONQUISTA, 7<br \/>Endere\u00e7o:RUA BAR\u00c3O ANTONIO DE BENFICA,35\u2013 BAIRRO CIDADE TIRADENTES<br \/>Retirada de convites: Danda<\/p>\n<h3>CINEMA BRASILEIRO NA CENTRAL 65 \u2013 AO AR LIVRE<\/h3>\n<p>Data: 21 de setembro \u2013 domingo \u2013 \u00e0s 19h<br \/>Local: Associa\u00e7\u00e3o do Bem, Cidade Tiradentes<br \/>Endere\u00e7o: RUA ALDO LOMBARDI, N\u00ba 85 \u2013 BAIRRO CIDADE TIRADENTES<br \/>Retirada de convites: F\u00e1tima<\/p>\n<h3>CINEMA BRASILEIRO JARDIM SYDNEY<\/h3>\n<p>DATA: 19 DE SETEMBRO SEXTA-FEIRA<br \/>LOCAL: Associa\u00e7\u00e3o Bem Que Me Faz<br \/>ENDERE\u00c7O: Rua Campinorte, 157 Jardim Sydney Pirituba<br \/>RETIRADA DE CONVITES : com Nyll Rodrigues<\/p>\n<h3>CINEMA BRASILEIRO NO CANGA\u00cdBA<\/h3>\n<p>Data: 30 de agosto (S\u00e1bado), \u00e0s 19h<br \/>Local: Associa\u00e7\u00e3o Santo Henrique<br \/>Endere\u00e7o: Rua S\u00e9rgio da Silva Nobreza, 661 \u2013 casa 220 \u2013 Vila Santo Henrique<br \/>Convites: Retirada no local<\/p>\n<h3>CINEMA BRASILEIRO NO SINDICATO DOS BANC\u00c1RIOS DE S\u00c3O PAULO Audit\u00f3rio Amarelo<\/h3>\n<p>Data: 28 de agosto- quinta-feira- \u00e0s 18h30<br \/>Local: Audit\u00f3rio Amarelo<br \/>Endere\u00e7o: Rua S\u00e3o Bento, 413 \u2013 Centro<br \/>Reserva de Convites: Por e-mail: <a href=\"mailto:producao@projetocineb.com.br\">producao@projetocineb.com.br<\/a><\/p>\n<h3>CINEMA BRASILEIRO JUQUITIBA<\/h3>\n<p>Data: 23 de agosto (s\u00e1bado), \u00e0s 19h<br \/>Local: Pra\u00e7a PEC<br \/>Endere\u00e7o: Av. Trancredo de Almeida Neves<br \/>Retirada de Convites: Respons\u00e1vel Vini Basti\u00e3o e Tamires Caroline &#8211; Mandato Deputado Luiz Cl\u00e1udio Marcolino<\/p>\n<h3>CINEMA BRASILEIRO NO RESIDENCIAL FRANCA<\/h3>\n<p>Data: 22 de agosto (sexta-feira), \u00e0s 19h<br \/>Local: Condom\u00ednio Residencial Franca<br \/>Endere\u00e7o: Av. Engenheiro Heitor Antonio Eiras Garcia, 7.443- Jo\u00e3o XXIII<br \/>Retirada de Convites: Entregues pela administra\u00e7\u00e3o do condom\u00ednio<\/p>\n<h3>CINEMA BRASILEIRO NO JARDIM EMBUR\u00c1<\/h3>\n<p>Data: 16 de agosto (s\u00e1bado), \u00e0s 19h<br \/>Local: Vov\u00f3 Mariazinha Rocha 2<br \/>Endere\u00e7o: Rua Benedito Schunck, 2<br \/>Retirada de Convites: Retirada na secretaria<\/p>\n<h3>SESS\u00c3O ESPECIAL DO CINEB \u2013 EXIBI\u00c7\u00c3O DO FILME O \u00daLTIMO DRIVE IN<\/h3>\n<p>Data: 29 de maio- quinta-feira \u2013 \u00e0s 19h<br \/>LOCAL: Audit\u00f3rio Amarelo \u2013 Sindicato dos Banc\u00e1rios de S\u00e3o Paulo<br \/>ENDERE\u00c7O: Rua S\u00e3o Bento, 413 \u2013 Centro, S\u00e3o Paulo<br \/>Reservas por e-mail: <a href=\"mailto:producao@projetocineb.com.br\">producao@projetocineb.com.br<\/a><\/p>\n<h3>SESS\u00c3O ESPECIAL DO CINEB \u2013 EXIBI\u00c7\u00c3O DO FILME AMIGO SECRETO<\/h3>\n<p>Data: 23 de maio \u2013 \u00e0s 18h30<br \/>LOCAL: Audit\u00f3rio Amarelo \u2013 Sindicato dos Banc\u00e1rios de S\u00e3o Paulo<br \/>ENDERE\u00c7O: Rua S\u00e3o Bento, 413 \u2013 Centro, S\u00e3o Paulo<br \/>Reservas por e-mail: <a href=\"mailto:producao@projetocineb.com.br\">producao@projetocineb.com.br<\/a><\/p>\n<h3>CINEMA BRASILEIRO NO CENTRO UNIVERSIT\u00c1RIO CAT\u00d3LICO ITALO BRASILEIRO<\/h3>\n<p>DATA : 21 de maio quarta feira &#8211; \u00e0s 9hs<br \/>LOCAL: Teatro Spazio It\u00e1lia<br \/>ENDERE\u00c7O: Av Jo\u00e3o Dias 2046 , Santo Amaro, SP<\/p>\n<h3>CINEMA BRASILEIRO NO JD DAS CAM\u00c9LIAS<\/h3>\n<p>DATA: 26 DE ABRIL \u2013 s\u00e1bado \u00e0s 19h<br \/>LOCAL: Sociedade Amigos do Jardim das Cam\u00e9lias<br \/>ENDERE\u00c7O: Rua Antonio Freire da Silva, 129 &#8211; Jardim das Cam\u00e9lias &#8211; S\u00e3o Miguel Paulista<\/p>\n<h3>CINEMA BRASILEIRO NO CENTRO UNIVERSIT\u00c1RIO DAS AM\u00c9RICAS &#8211; FAM<\/h3>\n<p>Data: 27 de mar\u00e7o (quinta-feira)<br \/>Hor\u00e1rio: 19h<br \/>Local: Audit\u00f3rio da unidade<br \/>Endere\u00e7o: Rua Augusta, 973<br \/>Retirada de convites: No hall da entrada do campus, 1 hora antes da sess\u00e3o<\/p>\n<h3>CINEMA BRASILEIRO NA CH\u00c1CARA FLORA<\/h3>\n<p>Data: 23 de mar\u00e7o &#8211; domingo<br \/>Hor\u00e1rio: 19h<br \/>Local: Arco Associa\u00e7\u00e3o Beneficente<br \/>Endere\u00e7o: Rua Lic\u00ednio Felini, 97 \u2013 Ch\u00e1cara Fl\u00f3rida<br \/>Retirada de convites: Na secretaria<\/p>\n<h3>CINEMA BRASILEIRO AO AR LIVRE NA CIDADE DE EMBU-GUA\u00c7U<\/h3>\n<p>Data: 22 de mar\u00e7o &#8211; s\u00e1bado<br \/>Hor\u00e1rio: 19h<br \/>Local: Pra\u00e7a Embu Gua\u00e7u (Sess\u00e3o ao ar livre)<br \/>Endere\u00e7o: Av. Riviera, 1.465 \u2013 Recreio Balne\u00e1rio Flamingo<br \/>Retirada de convites: A definir<\/p>\n<h3>CINEMA BRASILEIRO NO JARDIM SYDNEY<\/h3>\n<p>Data: 21 de mar\u00e7o \u2013 sexta-feira<br \/>Hor\u00e1rio: 19h<br \/>Local: Associa\u00e7\u00e3o Bem Que Me Faz<br \/>Endere\u00e7o: Rua Campinorte, 157 \u2013 Jardim Sydney, Pirituba<br \/>Retirada de convites: Falar com Nyll Rodrigues<\/p>\n<h3>CINEMA BRASILEIRO NA UNIVERSIDADE FIAM FAAM<\/h3>\n<p>Data: 20 de mar\u00e7o (quinta-feira)<br \/>Hor\u00e1rio: 19h<br \/>Local: Audit\u00f3rio da Vila Mariana- Fiamfaam- Campus Vila Mariana<br \/>Endere\u00e7o: Avenida Lins de Vasconcelos 3406, S\u00e3o Paulo<br \/>Retirada de convites: Na entrada da sess\u00e3o<\/p>\n<h3>CINEMA BRASILEIRO EM JANDIRA<\/h3>\n<p>Data: 27 de fevereiro (quinta-feira)<br \/>Hor\u00e1rio: 19h00<br \/>Local: Comunidade C\u00e1ritas S\u00e3o Francisco de Assis<br \/>Endere\u00e7o: Rua Paloma Carolina, 205, Vila Dolores Paschoalin, Jandira\/SP<br \/>Retirada de convites: Na secretaria<\/p>\n<h3>CINEMA BRASILEIRO NO PARQUE NOVO MUNDO<\/h3>\n<p>Data: 25 de fevereiro (ter\u00e7a-feira)<br \/>Hor\u00e1rio: 19h00<br \/>Local: Quadra Esportiva<br \/>Endere\u00e7o: Rua Giuseppe Marino, 180 \u2013 Parque Novo Mundo\/SP<br \/>Retirada de convites: Falar com Maeli Regiane, Sirlene ou Aline<\/p>\n<h3>CINEMA BRASILEIRO NO SINDICATO DOS BANC\u00c1RIOS<\/h3>\n<p>DIA: 30 de janeiro \u2013 quinta-feira &#8211; \u00e0s 18h30<br \/>LOCAL: Audit\u00f3rio Amarelo<br \/>ENDERE\u00c7O: Rua S\u00e3o Bento,413<br \/>RETIRADA DE CONVITES: Pelo e-mail <a href=\"mailto:producaocineb@brazucah.com.br\">producaocineb@brazucah.com.br<\/a><\/p>\n<h3>CINEMA BRASILEIRO EM EMBU GUA\u00c7U<\/h3>\n<p>DIA: 25 de janeiro- s\u00e1bado- 19h (confirmar)<br \/>LOCAL: Flamingo- Embu Gua\u00e7u- SP<br \/>ENDERE\u00c7O: Estrada Municipal do Flamingo,44<br \/>RETIRADA DE CONVITES : com Teus\/ Jozimar<\/p>\n<p>\u00a0<\/p>\n<div>\n<div>\n<div>\n<p><a href=\"https:\/\/projetocineb.com.br\/?page_id=28664\">CONFIRA AS SESS\u00d5ES REALIZADAS EM 2024<\/a><\/p>\n<p><a href=\"https:\/\/projetocineb.com.br\/?page_id=28660\">CONFIRA AS SESS\u00d5ES REALIZADAS EM 2023<\/a><\/p>\n<\/div>\n<\/div>\n<\/div>\n<div><a href=\"https:\/\/projetocineb.com.br\/?page_id=20638\">CONFIRA AS SESS\u00d5ES REALIZADAS EM 2022<\/a><\/div>\n<div>\u00a0<\/div>\n<div><a href=\"https:\/\/projetocineb.com.br\/?page_id=20632\">CONFIRA AS SESS\u00d5ES REALIZADAS EM 2021<\/a><\/div>\n<p><a href=\"http:\/\/projetocineb.com.br\/?page_id=12595\">CONFIRA AS SESS\u00d5ES REALIZADAS EM 2020<\/a><\/p>\n<p><a href=\"http:\/\/projetocineb.com.br\/?page_id=11671\">CONFIRA AS SESS\u00d5ES REALIZADAS EM 2019<\/a><\/p>\n<p><a href=\"http:\/\/projetocineb.com.br\/?page_id=11283\">CONFIRA AS SESS\u00d5ES REALIZADAS EM 2018<\/a><\/p>\n<p><a href=\"http:\/\/projetocineb.com.br\/?page_id=10537\">CONFIRA AS SESS\u00d5ES REALIZADAS EM 2017<\/a><\/p>\n<p><a href=\"http:\/\/projetocineb.com.br\/?page_id=8617\">CONFIRA AS SESS\u00d5ES REALIZADAS EM 2016<\/a><\/p>\n<p><a href=\"http:\/\/projetocineb.com.br\/?page_id=7080\">CONFIRA AS SESS\u00d5ES REALIZADAS EM 2015<\/a><\/p>\n<p><a href=\"http:\/\/projetocineb.com.br\/?page_id=6079\">CONFIRA AS SESS\u00d5ES REALIZADAS EM 2014<\/a><\/p>\n<p><a href=\"http:\/\/projetocineb.com.br\/?page_id=5389\">CONFIRA AS SESS\u00d5ES REALIZADAS EM 2013<\/a><\/p>\n<p>\u00a0<\/p>","protected":false},"excerpt":{"rendered":"<p>Sess\u00f5es exibidas em 2025 \u00a0 CINEMA BRASILEIRO NO PRESTES MAIA Data: 25 de setembro \u2013 quinta-feira \u2013 \u00e0s 19hLocal: Conjunto[&#8230;]<\/p>\n","protected":false},"author":2,"featured_media":0,"parent":0,"menu_order":3,"comment_status":"closed","ping_status":"closed","template":"","meta":[],"_links":{"self":[{"href":"https:\/\/projetocineb.com.br\/index.php?rest_route=\/wp\/v2\/pages\/464"}],"collection":[{"href":"https:\/\/projetocineb.com.br\/index.php?rest_route=\/wp\/v2\/pages"}],"about":[{"href":"https:\/\/projetocineb.com.br\/index.php?rest_route=\/wp\/v2\/types\/page"}],"author":[{"embeddable":true,"href":"https:\/\/projetocineb.com.br\/index.php?rest_route=\/wp\/v2\/users\/2"}],"replies":[{"embeddable":true,"href":"https:\/\/projetocineb.com.br\/index.php?rest_route=%2Fwp%2Fv2%2Fcomments&post=464"}],"version-history":[{"count":14,"href":"https:\/\/projetocineb.com.br\/index.php?rest_route=\/wp\/v2\/pages\/464\/revisions"}],"predecessor-version":[{"id":28668,"href":"https:\/\/projetocineb.com.br\/index.php?rest_route=\/wp\/v2\/pages\/464\/revisions\/28668"}],"wp:attachment":[{"href":"https:\/\/projetocineb.com.br\/index.php?rest_route=%2Fwp%2Fv2%2Fmedia&parent=464"}],"curies":[{"name":"wp","href":"https:\/\/api.w.org\/{rel}","templated":true}]}}