{"id":466,"date":"2011-10-11T10:25:00","date_gmt":"2011-10-11T13:25:00","guid":{"rendered":"http:\/\/projetocineb.com.br\/?page_id=466"},"modified":"2011-10-11T10:25:00","modified_gmt":"2011-10-11T13:25:00","slug":"contato","status":"publish","type":"page","link":"https:\/\/projetocineb.com.br\/?page_id=466","title":{"rendered":"Contato"},"content":{"rendered":"<p>Envie seus coment\u00e1rios sobre o nosso projeto ou indique sua regi\u00e3o para receber o CineB!<\/p>\n<p>Para agendar uma sess\u00e3o em sua comunidade ou entidade \u00e9 s\u00f3 entrar em contato com o nosso coordenador, Cid\u00e1lio Vieira Santos, pelo e-mail\u00a0<strong><span style=\"color: #0000ff;\">cidalio@brazucah.com.br<\/span><\/strong><\/p>\n<p>Siga e compartilhe os nossos v\u00eddeos no nosso canal do Youtube: <a href=\"http:\/\/bit.ly\/cinebsolar\">CineBSolar<\/a><\/p>\n<p>Curta nossa p\u00e1gina no Facebook e acompanhe as novidades do projeto:<span style=\"font-size: 19.89px;\">\u00a0<a href=\"https:\/\/www.facebook.com\/CineBSolar\">CineBSolar<\/a><\/span><\/p>\n<p>E siga o nosso Insta: <a href=\"https:\/\/www.instagram.com\/projeto_cineb\/\">@projeto_cineb\u00a0<\/a><\/p>\n","protected":false},"excerpt":{"rendered":"<p>Envie seus coment\u00e1rios sobre o nosso projeto ou indique sua regi\u00e3o para receber o CineB! Para agendar uma sess\u00e3o em[&#8230;]<\/p>\n","protected":false},"author":2,"featured_media":0,"parent":0,"menu_order":4,"comment_status":"open","ping_status":"open","template":"","meta":[],"_links":{"self":[{"href":"https:\/\/projetocineb.com.br\/index.php?rest_route=\/wp\/v2\/pages\/466"}],"collection":[{"href":"https:\/\/projetocineb.com.br\/index.php?rest_route=\/wp\/v2\/pages"}],"about":[{"href":"https:\/\/projetocineb.com.br\/index.php?rest_route=\/wp\/v2\/types\/page"}],"author":[{"embeddable":true,"href":"https:\/\/projetocineb.com.br\/index.php?rest_route=\/wp\/v2\/users\/2"}],"replies":[{"embeddable":true,"href":"https:\/\/projetocineb.com.br\/index.php?rest_route=%2Fwp%2Fv2%2Fcomments&post=466"}],"version-history":[{"count":0,"href":"https:\/\/projetocineb.com.br\/index.php?rest_route=\/wp\/v2\/pages\/466\/revisions"}],"wp:attachment":[{"href":"https:\/\/projetocineb.com.br\/index.php?rest_route=%2Fwp%2Fv2%2Fmedia&parent=466"}],"curies":[{"name":"wp","href":"https:\/\/api.w.org\/{rel}","templated":true}]}}